{"id":1228,"date":"2025-10-03T13:14:07","date_gmt":"2025-10-03T13:14:07","guid":{"rendered":"https:\/\/fnmc.pt\/?page_id=1228"},"modified":"2025-10-03T13:26:04","modified_gmt":"2025-10-03T13:26:04","slug":"pagamento-isolado","status":"publish","type":"page","link":"https:\/\/fnmc.pt\/en\/pagamento-isolado\/","title":{"rendered":"Pagamento isolado"},"content":{"rendered":"[et_pb_section fb_built=&#8221;1&#8243; admin_label=&#8221;section&#8221; _builder_version=&#8221;4.16&#8243; global_colors_info=&#8221;{}&#8221;][et_pb_row admin_label=&#8221;row&#8221; _builder_version=&#8221;4.16&#8243; background_size=&#8221;initial&#8221; background_position=&#8221;top_left&#8221; background_repeat=&#8221;repeat&#8221; global_colors_info=&#8221;{}&#8221;][et_pb_column type=&#8221;4_4&#8243; _builder_version=&#8221;4.16&#8243; custom_padding=&#8221;|||&#8221; global_colors_info=&#8221;{}&#8221; custom_padding__hover=&#8221;|||&#8221;][et_pb_text admin_label=&#8221;Text&#8221; _builder_version=&#8221;4.27.4&#8243; background_size=&#8221;initial&#8221; background_position=&#8221;top_left&#8221; background_repeat=&#8221;repeat&#8221; hover_enabled=&#8221;0&#8243; global_colors_info=&#8221;{}&#8221; sticky_enabled=&#8221;0&#8243;]<h2 style=\"text-align: center;\">Pagamento isolado<div class=\"frm_forms  with_frm_style frm_style_formidable-style-3 frm_full_submit\" id=\"frm_form_9_container\" data-token=\"1d5c2f1b49cdaea38267cf368bde8277\">\n<form enctype=\"multipart\/form-data\" method=\"post\" class=\"frm-show-form  frm_ajax_submit  frm_pro_form \" id=\"form_pagamento\" data-token=\"1d5c2f1b49cdaea38267cf368bde8277\">\n<div class=\"frm_form_fields \">\n<fieldset>\n<legend class=\"frm_screen_reader\">Pagamento<\/legend>\r\n\r\n<div class=\"frm_fields_container\">\n<input type=\"hidden\" name=\"frm_action\" value=\"create\" \/>\n<input type=\"hidden\" name=\"form_id\" value=\"9\" \/>\n<input type=\"hidden\" name=\"frm_hide_fields_9\" id=\"frm_hide_fields_9\" value=\"\" \/>\n<input type=\"hidden\" name=\"form_key\" value=\"pagamento\" \/>\n<input type=\"hidden\" name=\"item_meta[0]\" value=\"\" \/>\n<input type=\"hidden\" id=\"frm_submit_entry_9\" name=\"frm_submit_entry_9\" value=\"72537bbea4\" \/><input type=\"hidden\" name=\"_wp_http_referer\" value=\"\/en\/wp-json\/wp\/v2\/pages\/1228\" \/><div id=\"frm_field_168_container\" class=\"frm_form_field form-field  frm_top_container\">\r\n\t<label for=\"field_rkwm12\" id=\"field_rkwm12_label\" class=\"frm_primary_label\">Categoria\r\n\t\t<span class=\"frm_required\" aria-hidden=\"true\"><\/span>\r\n\t<\/label>\r\n\t<input type=\"hidden\" value=\"51\" name=\"item_meta[168]\"  id=\"field_rkwm12\" \/><select    data-frmval=\"51\" data-invmsg=\"Categoria is invalid\" aria-invalid=\"false\"   disabled=\"disabled\" >\n\t<option value='0'> <\/option>\n\t<option class=\"level-0\" value=\"47\">Congresso<\/option>\n\t<option class=\"level-0\" value=\"51\" selected=\"selected\">Pagamento isolado<\/option>\n\t<option class=\"level-0\" value=\"49\">Registo Coletivo<\/option>\n\t<option class=\"level-0\" value=\"48\">Registo Singular<\/option>\n<\/select>\n\r\n\t\r\n\t\r\n<\/div>\n<input type=\"hidden\" name=\"item_meta[169]\" id=\"field_uz2612\" value=\"PAG-19\/04\/2026-10:54:21\"  data-frmval=\"PAG-19\/04\/2026-10:54:21\"   \/>\n<input type=\"hidden\" name=\"item_meta[170]\" id=\"field_pst6d2\" value=\"Pendente\"  data-frmval=\"Pendente\"   \/>\n<div id=\"frm_field_171_container\" class=\"frm_form_field form-field  frm_required_field frm_top_container frm6 frm_first\">\r\n\t<label for=\"field_y63je2\" id=\"field_y63je2_label\" class=\"frm_primary_label\">Nome\r\n\t\t<span class=\"frm_required\" aria-hidden=\"true\">*<\/span>\r\n\t<\/label>\r\n\t<input  type=\"text\" id=\"field_y63je2\" name=\"item_meta[171]\" value=\"\"  data-reqmsg=\"Nome cannot be blank.\" aria-required=\"true\" data-invmsg=\"Nome is invalid\" aria-invalid=\"false\"   \/>\r\n\t\r\n\t\r\n<\/div>\n<div id=\"frm_field_174_container\" class=\"frm_form_field form-field  frm_required_field frm_top_container frm6\">\r\n\t<label for=\"field_z039a2\" id=\"field_z039a2_label\" class=\"frm_primary_label\">NIF ou CPF\r\n\t\t<span class=\"frm_required\" aria-hidden=\"true\">*<\/span>\r\n\t<\/label>\r\n\t<input  type=\"text\" id=\"field_z039a2\" name=\"item_meta[174]\" value=\"\"  data-reqmsg=\"NIF ou CPF cannot be blank.\" aria-required=\"true\" data-invmsg=\"NIF ou CPF is invalid\" aria-invalid=\"false\"   \/>\r\n\t\r\n\t\r\n<\/div>\n<div id=\"frm_field_172_container\" class=\"frm_form_field form-field  frm_required_field frm_top_container frm6 frm_first\">\r\n\t<label for=\"field_691ad2\" id=\"field_691ad2_label\" class=\"frm_primary_label\">Email\r\n\t\t<span class=\"frm_required\" aria-hidden=\"true\">*<\/span>\r\n\t<\/label>\r\n\t<input type=\"email\" id=\"field_691ad2\" name=\"item_meta[172]\" value=\"\"  autocomplete=\"email\"  data-reqmsg=\"Email cannot be blank.\" aria-required=\"true\" data-invmsg=\"Email is invalid\" aria-invalid=\"false\"  \/>\r\n\t\r\n\t\r\n<\/div>\n<div id=\"frm_field_173_container\" class=\"frm_form_field form-field  frm_required_field frm_top_container frm6\">\r\n\t<label for=\"field_kslua2\" id=\"field_kslua2_label\" class=\"frm_primary_label\">Telefone\r\n\t\t<span class=\"frm_required\" aria-hidden=\"true\">*<\/span>\r\n\t<\/label>\r\n\t<input  type=\"text\" id=\"field_kslua2\" name=\"item_meta[173]\" value=\"\"  data-reqmsg=\"Telefone cannot be blank.\" aria-required=\"true\" data-invmsg=\"Telefone is invalid\" aria-invalid=\"false\"   \/>\r\n\t\r\n\t\r\n<\/div>\n<div id=\"frm_field_187_container\" class=\"frm_form_field form-field  frm_required_field frm_top_container frm3 frm_first\">\r\n\t<label for=\"field_vm6oj2\" id=\"field_vm6oj2_label\" class=\"frm_primary_label\">Valor a pagar\r\n\t\t<span class=\"frm_required\" aria-hidden=\"true\">*<\/span>\r\n\t<\/label>\r\n\t<div class=\"frm_input_group frm_with_box frm_with_post\"><input  type=\"text\" id=\"field_vm6oj2\" name=\"item_meta[187]\" value=\"\"  data-reqmsg=\"Valor a pagar cannot be blank.\" aria-required=\"true\" data-invmsg=\"Valor a pagar is invalid\" aria-invalid=\"false\"   \/><span class=\"frm_inline_box\">\u20ac<\/span><\/div>\r\n\t\r\n\t\r\n<\/div>\n<div id=\"frm_field_188_container\" class=\"frm_form_field form-field  frm_required_field frm_top_container frm9 frm_four_col frm_display_format_buttons frm_text_align_center\">\r\n\t<div  id=\"field_wrx242_label\" class=\"frm_primary_label\">M\u00e9todo de pagamento\r\n\t\t<span class=\"frm_required\" aria-hidden=\"true\">*<\/span>\r\n\t<\/div>\r\n\t<div class=\"frm_opt_container\" aria-labelledby=\"field_wrx242_label\" role=\"radiogroup\" aria-required=\"true\">\t\t<div class=\"frm_radio\" id=\"frm_radio_188-0\">\t\t\t<label  for=\"field_wrx242-0\">\n\t\t\t\t\t<input type=\"radio\" name=\"item_meta[188]\" id=\"field_wrx242-0\" value=\"MBWay\"\n\t\t data-reqmsg=\"M\u00e9todo de pagamento cannot be blank.\" data-invmsg=\"M\u00e9todo de pagamento is invalid\"   \/> <div class=\"frm_label_button_container\">MBWay<\/div><\/label><\/div>\n\t\t<div class=\"frm_radio\" id=\"frm_radio_188-2\">\t\t\t<label  for=\"field_wrx242-2\">\n\t\t\t\t\t<input type=\"radio\" name=\"item_meta[188]\" id=\"field_wrx242-2\" value=\"Multibanco\"\n\t\t data-reqmsg=\"M\u00e9todo de pagamento cannot be blank.\" data-invmsg=\"M\u00e9todo de pagamento is invalid\"   \/> <div class=\"frm_label_button_container\">Multibanco<\/div><\/label><\/div>\n\t\t<div class=\"frm_radio\" id=\"frm_radio_188-1\">\t\t\t<label  for=\"field_wrx242-1\">\n\t\t\t\t\t<input type=\"radio\" name=\"item_meta[188]\" id=\"field_wrx242-1\" value=\"Cart\u00e3o de Cr\u00e9dito\"\n\t\t data-reqmsg=\"M\u00e9todo de pagamento cannot be blank.\" data-invmsg=\"M\u00e9todo de pagamento is invalid\"   \/> <div class=\"frm_label_button_container\">Cart\u00e3o de Cr\u00e9dito<\/div><\/label><\/div>\n\t\t<div class=\"frm_radio\" id=\"frm_radio_188-3\">\t\t\t<label  for=\"field_wrx242-3\">\n\t\t\t\t\t<input type=\"radio\" name=\"item_meta[188]\" id=\"field_wrx242-3\" value=\"Pix\"\n\t\t data-reqmsg=\"M\u00e9todo de pagamento cannot be blank.\" data-invmsg=\"M\u00e9todo de pagamento is invalid\"   \/> <div class=\"frm_label_button_container\">Pix<\/div><\/label><\/div>\n<\/div>\r\n\t\r\n\t\r\n<\/div>\n<div id=\"frm_field_189_container\" class=\"frm_form_field  frm6 frm_first frm_html_container form-field\">\n<p style=\"color: #344054; font-size: 14px;\"><strong><span style=\"color: #ff0000;\">Nota:<\/span><\/strong> O processo de Pagamento ser\u00e1 gerado assim que submeter o formul\u00e1rio.<\/p>\n<\/div>\n<div id=\"frm_field_190_container\" class=\"frm_form_field form-field  frm_required_field frm_top_container frm6\">\r\n\t<label for=\"field_2xcaq2\" id=\"field_2xcaq2_label\" class=\"frm_primary_label\">Telem\u00f3vel\r\n\t\t<span class=\"frm_required\" aria-hidden=\"true\">*<\/span>\r\n\t<\/label>\r\n\t<input type=\"tel\" id=\"field_2xcaq2\" name=\"item_meta[190]\" value=\"\"  placeholder=\"ex: 999999999\" data-reqmsg=\"Telem\u00f3vel cannot be blank.\" aria-required=\"true\" data-invmsg=\"Telem\u00f3vel is invalid\" aria-invalid=\"false\" pattern=\"((\\+\\d{1,3}(-|.| )?\\(?\\d\\)?(-| |.)?\\d{1,5})|(\\(?\\d{2,6}\\)?))(-|.| )?(\\d{3,4})(-|.| )?(\\d{4})(( x| ext)\\d{1,5}){0,1}$\"   aria-describedby=\"frm_desc_field_2xcaq2\"\/>\r\n\t<div class=\"frm_description\" id=\"frm_desc_field_2xcaq2\">Indique o n\u00famero de telefone (SEM O INDICATIVO 351) onde possui a aplica\u00e7\u00e3o MBWay. Ser\u00e1 redireccionado para a respectiva p\u00e1gina ap\u00f3s a submiss\u00e3o deste formul\u00e1rio.<\/div>\r\n\t\r\n<\/div>\n<input type=\"hidden\" name=\"item_meta[192]\" id=\"field_b5xfn2\" value=\"\"     \/>\n<div id=\"frm_field_193_container\" class=\"frm_form_field form-field \">\r\n\t<div class=\"frm_submit frm_flex\">\r\n<button class=\"frm_button_submit frm_final_submit\" type=\"submit\"   formnovalidate=\"formnovalidate\">EFETUAR PAGAMENTO<\/button>\r\n\r\n\r\n\r\n<\/div>\r\n<\/div>\n\t<input type=\"hidden\" name=\"item_key\" value=\"\" \/>\n\t\t\t<div id=\"frm_field_254_container\">\n\t\t\t<label for=\"field_3xbna\" >\n\t\t\t\tIf you are human, leave this field blank.\t\t\t<\/label>\n\t\t\t<input  id=\"field_3xbna\" type=\"text\" class=\"frm_form_field form-field frm_verify\" name=\"item_meta[254]\" value=\"\"  \/>\n\t\t<\/div>\n\t\t<input name=\"frm_state\" type=\"hidden\" value=\"8aHxUvZGu5llPXDWYHb\/RJiIQc3TbJJuEBw1jcTtpo9dh00XaAuxbBx50nbtbkIa\" \/><\/div>\n<\/fieldset>\n<\/div>\n\n<\/form>\n<\/div>\n<\/p>[\/et_pb_text][\/et_pb_column][\/et_pb_row][\/et_pb_section]","protected":false},"excerpt":{"rendered":"<p>Pagamento isolado <div class=\"frm_forms  with_frm_style frm_style_formidable-style-3 frm_full_submit\" id=\"frm_form_9_container\" data-token=\"1d5c2f1b49cdaea38267cf368bde8277\" data-token=\"1d5c2f1b49cdaea38267cf368bde8277\">\n<form enctype=\"multipart\/form-data\" method=\"post\" class=\"frm-show-form  frm_ajax_submit  frm_pro_form \" id=\"form_pagamento\" data-token=\"1d5c2f1b49cdaea38267cf368bde8277\" data-token=\"1d5c2f1b49cdaea38267cf368bde8277\">\n<div class=\"frm_form_fields \">\n<fieldset>\n<legend class=\"frm_screen_reader\">Pagamento<\/legend>\r\n\r\n<div class=\"frm_fields_container\">\n<input type=\"hidden\" name=\"frm_action\" value=\"create\" \/>\n<input type=\"hidden\" name=\"form_id\" value=\"9\" \/>\n<input type=\"hidden\" name=\"frm_hide_fields_9\" id=\"frm_hide_fields_9\" value=\"\" \/>\n<input type=\"hidden\" name=\"form_key\" value=\"pagamento\" \/>\n<input type=\"hidden\" name=\"item_meta[0]\" value=\"\" \/>\n<input type=\"hidden\" id=\"frm_submit_entry_9\" name=\"frm_submit_entry_9\" value=\"72537bbea4\" \/><input type=\"hidden\" name=\"_wp_http_referer\" value=\"\/en\/wp-json\/wp\/v2\/pages\/1228\" \/><div id=\"frm_field_168_container\" class=\"frm_form_field form-field  frm_top_container\">\r\n\t<label for=\"field_rkwm12\" id=\"field_rkwm12_label\" class=\"frm_primary_label\">Categoria\r\n\t\t<span class=\"frm_required\" aria-hidden=\"true\"><\/span>\r\n\t<\/label>\r\n\t<input type=\"hidden\" value=\"51\" name=\"item_meta[168]\"  id=\"field_rkwm12\" \/><select    data-frmval=\"51\" data-invmsg=\"Categoria is invalid\" aria-invalid=\"false\"   disabled=\"disabled\" >\n\t<option value='0'> <\/option>\n\t<option class=\"level-0\" value=\"47\">Congresso<\/option>\n\t<option class=\"level-0\" value=\"51\" selected=\"selected\">Pagamento isolado<\/option>\n\t<option class=\"level-0\" value=\"49\">Registo Coletivo<\/option>\n\t<option class=\"level-0\" value=\"48\">Registo Singular<\/option>\n<\/select>\n\r\n\t\r\n\t\r\n<\/div>\n<input type=\"hidden\" name=\"item_meta[169]\" id=\"field_uz2612\" value=\"PAG-19\/04\/2026-10:54:21\"  data-frmval=\"PAG-19\/04\/2026-10:54:21\"   \/>\n<input type=\"hidden\" name=\"item_meta[170]\" id=\"field_pst6d2\" value=\"Pendente\"  data-frmval=\"Pendente\"   \/>\n<div id=\"frm_field_171_container\" class=\"frm_form_field form-field  frm_required_field frm_top_container frm6 frm_first\">\r\n\t<label for=\"field_y63je2\" id=\"field_y63je2_label\" class=\"frm_primary_label\">Nome\r\n\t\t<span class=\"frm_required\" aria-hidden=\"true\">*<\/span>\r\n\t<\/label>\r\n\t<input  type=\"text\" id=\"field_y63je2\" name=\"item_meta[171]\" value=\"\"  data-reqmsg=\"Nome cannot be blank.\" aria-required=\"true\" data-invmsg=\"Nome is invalid\" aria-invalid=\"false\"   \/>\r\n\t\r\n\t\r\n<\/div>\n<div id=\"frm_field_174_container\" class=\"frm_form_field form-field  frm_required_field frm_top_container frm6\">\r\n\t<label for=\"field_z039a2\" id=\"field_z039a2_label\" class=\"frm_primary_label\">NIF ou CPF\r\n\t\t<span class=\"frm_required\" aria-hidden=\"true\">*<\/span>\r\n\t<\/label>\r\n\t<input  type=\"text\" id=\"field_z039a2\" name=\"item_meta[174]\" value=\"\"  data-reqmsg=\"NIF ou CPF cannot be blank.\" aria-required=\"true\" data-invmsg=\"NIF ou CPF is invalid\" aria-invalid=\"false\"   \/>\r\n\t\r\n\t\r\n<\/div>\n<div id=\"frm_field_172_container\" class=\"frm_form_field form-field  frm_required_field frm_top_container frm6 frm_first\">\r\n\t<label for=\"field_691ad2\" id=\"field_691ad2_label\" class=\"frm_primary_label\">Email\r\n\t\t<span class=\"frm_required\" aria-hidden=\"true\">*<\/span>\r\n\t<\/label>\r\n\t<input type=\"email\" id=\"field_691ad2\" name=\"item_meta[172]\" value=\"\"  autocomplete=\"email\"  data-reqmsg=\"Email cannot be blank.\" aria-required=\"true\" data-invmsg=\"Email is invalid\" aria-invalid=\"false\"  \/>\r\n\t\r\n\t\r\n<\/div>\n<div id=\"frm_field_173_container\" class=\"frm_form_field form-field  frm_required_field frm_top_container frm6\">\r\n\t<label for=\"field_kslua2\" id=\"field_kslua2_label\" class=\"frm_primary_label\">Telefone\r\n\t\t<span class=\"frm_required\" aria-hidden=\"true\">*<\/span>\r\n\t<\/label>\r\n\t<input  type=\"text\" id=\"field_kslua2\" name=\"item_meta[173]\" value=\"\"  data-reqmsg=\"Telefone cannot be blank.\" aria-required=\"true\" data-invmsg=\"Telefone is invalid\" aria-invalid=\"false\"   \/>\r\n\t\r\n\t\r\n<\/div>\n<div id=\"frm_field_187_container\" class=\"frm_form_field form-field  frm_required_field frm_top_container frm3 frm_first\">\r\n\t<label for=\"field_vm6oj2\" id=\"field_vm6oj2_label\" class=\"frm_primary_label\">Valor a pagar\r\n\t\t<span class=\"frm_required\" aria-hidden=\"true\">*<\/span>\r\n\t<\/label>\r\n\t<div class=\"frm_input_group frm_with_box frm_with_post\"><input  type=\"text\" id=\"field_vm6oj2\" name=\"item_meta[187]\" value=\"\"  data-reqmsg=\"Valor a pagar cannot be blank.\" aria-required=\"true\" data-invmsg=\"Valor a pagar is invalid\" aria-invalid=\"false\"   \/><span class=\"frm_inline_box\">\u20ac<\/span><\/div>\r\n\t\r\n\t\r\n<\/div>\n<div id=\"frm_field_188_container\" class=\"frm_form_field form-field  frm_required_field frm_top_container frm9 frm_four_col frm_display_format_buttons frm_text_align_center\">\r\n\t<div  id=\"field_wrx242_label\" class=\"frm_primary_label\">M\u00e9todo de pagamento\r\n\t\t<span class=\"frm_required\" aria-hidden=\"true\">*<\/span>\r\n\t<\/div>\r\n\t<div class=\"frm_opt_container\" aria-labelledby=\"field_wrx242_label\" role=\"radiogroup\" aria-required=\"true\">\t\t<div class=\"frm_radio\" id=\"frm_radio_188-0\">\t\t\t<label  for=\"field_wrx242-0\">\n\t\t\t\t\t<input type=\"radio\" name=\"item_meta[188]\" id=\"field_wrx242-0\" value=\"MBWay\"\n\t\t data-reqmsg=\"M\u00e9todo de pagamento cannot be blank.\" data-invmsg=\"M\u00e9todo de pagamento is invalid\"   \/> <div class=\"frm_label_button_container\">MBWay<\/div><\/label><\/div>\n\t\t<div class=\"frm_radio\" id=\"frm_radio_188-2\">\t\t\t<label  for=\"field_wrx242-2\">\n\t\t\t\t\t<input type=\"radio\" name=\"item_meta[188]\" id=\"field_wrx242-2\" value=\"Multibanco\"\n\t\t data-reqmsg=\"M\u00e9todo de pagamento cannot be blank.\" data-invmsg=\"M\u00e9todo de pagamento is invalid\"   \/> <div class=\"frm_label_button_container\">Multibanco<\/div><\/label><\/div>\n\t\t<div class=\"frm_radio\" id=\"frm_radio_188-1\">\t\t\t<label  for=\"field_wrx242-1\">\n\t\t\t\t\t<input type=\"radio\" name=\"item_meta[188]\" id=\"field_wrx242-1\" value=\"Cart\u00e3o de Cr\u00e9dito\"\n\t\t data-reqmsg=\"M\u00e9todo de pagamento cannot be blank.\" data-invmsg=\"M\u00e9todo de pagamento is invalid\"   \/> <div class=\"frm_label_button_container\">Cart\u00e3o de Cr\u00e9dito<\/div><\/label><\/div>\n\t\t<div class=\"frm_radio\" id=\"frm_radio_188-3\">\t\t\t<label  for=\"field_wrx242-3\">\n\t\t\t\t\t<input type=\"radio\" name=\"item_meta[188]\" id=\"field_wrx242-3\" value=\"Pix\"\n\t\t data-reqmsg=\"M\u00e9todo de pagamento cannot be blank.\" data-invmsg=\"M\u00e9todo de pagamento is invalid\"   \/> <div class=\"frm_label_button_container\">Pix<\/div><\/label><\/div>\n<\/div>\r\n\t\r\n\t\r\n<\/div>\n<div id=\"frm_field_189_container\" class=\"frm_form_field  frm6 frm_first frm_html_container form-field\">\n<p style=\"color: #344054; font-size: 14px;\"><strong><span style=\"color: #ff0000;\">Nota:<\/span><\/strong> O processo de Pagamento ser\u00e1 gerado assim que submeter o formul\u00e1rio.<\/p>\n<\/div>\n<div id=\"frm_field_190_container\" class=\"frm_form_field form-field  frm_required_field frm_top_container frm6\">\r\n\t<label for=\"field_2xcaq2\" id=\"field_2xcaq2_label\" class=\"frm_primary_label\">Telem\u00f3vel\r\n\t\t<span class=\"frm_required\" aria-hidden=\"true\">*<\/span>\r\n\t<\/label>\r\n\t<input type=\"tel\" id=\"field_2xcaq2\" name=\"item_meta[190]\" value=\"\"  placeholder=\"ex: 999999999\" data-reqmsg=\"Telem\u00f3vel cannot be blank.\" aria-required=\"true\" data-invmsg=\"Telem\u00f3vel is invalid\" aria-invalid=\"false\" pattern=\"((\\+\\d{1,3}(-|.| )?\\(?\\d\\)?(-| |.)?\\d{1,5})|(\\(?\\d{2,6}\\)?))(-|.| )?(\\d{3,4})(-|.| )?(\\d{4})(( x| ext)\\d{1,5}){0,1}$\"   aria-describedby=\"frm_desc_field_2xcaq2\"\/>\r\n\t<div class=\"frm_description\" id=\"frm_desc_field_2xcaq2\">Indique o n\u00famero de telefone (SEM O INDICATIVO 351) onde possui a aplica\u00e7\u00e3o MBWay. Ser\u00e1 redireccionado para a respectiva p\u00e1gina ap\u00f3s a submiss\u00e3o deste formul\u00e1rio.<\/div>\r\n\t\r\n<\/div>\n<input type=\"hidden\" name=\"item_meta[192]\" id=\"field_b5xfn2\" value=\"\"     \/>\n<div id=\"frm_field_193_container\" class=\"frm_form_field form-field \">\r\n\t<div class=\"frm_submit frm_flex\">\r\n<button class=\"frm_button_submit frm_final_submit\" type=\"submit\"   formnovalidate=\"formnovalidate\">EFETUAR PAGAMENTO<\/button>\r\n\r\n\r\n\r\n<\/div>\r\n<\/div>\n\t<input type=\"hidden\" name=\"item_key\" value=\"\" \/>\n\t\t\t<div id=\"frm_field_255_container\">\n\t\t\t<label for=\"field_v0ois\" >\n\t\t\t\tIf you are human, leave this field blank.\t\t\t<\/label>\n\t\t\t<input  id=\"field_v0ois\" type=\"text\" class=\"frm_form_field form-field frm_verify\" name=\"item_meta[255]\" value=\"\"  \/>\n\t\t<\/div>\n\t\t<input name=\"frm_state\" type=\"hidden\" value=\"8aHxUvZGu5llPXDWYHb\/RJiIQc3TbJJuEBw1jcTtpo+0sobrSD6mGBK4HjFUxbQI\" \/><\/div>\n<\/fieldset>\n<\/div>\n\n<\/form>\n<\/div>\n<\/p>\n","protected":false},"author":2,"featured_media":0,"parent":0,"menu_order":0,"comment_status":"closed","ping_status":"closed","template":"","meta":{"_acf_changed":false,"_et_pb_use_builder":"on","_et_pb_old_content":"<!-- wp:formidable\/simple-form {\"formId\":\"9\"} -->\r\n<div>[formidable id=\"9\"]<\/div>\r\n<!-- \/wp:formidable\/simple-form -->","_et_gb_content_width":"","footnotes":""},"class_list":["post-1228","page","type-page","status-publish","hentry"],"acf":[],"_links":{"self":[{"href":"https:\/\/fnmc.pt\/en\/wp-json\/wp\/v2\/pages\/1228","targetHints":{"allow":["GET"]}}],"collection":[{"href":"https:\/\/fnmc.pt\/en\/wp-json\/wp\/v2\/pages"}],"about":[{"href":"https:\/\/fnmc.pt\/en\/wp-json\/wp\/v2\/types\/page"}],"author":[{"embeddable":true,"href":"https:\/\/fnmc.pt\/en\/wp-json\/wp\/v2\/users\/2"}],"replies":[{"embeddable":true,"href":"https:\/\/fnmc.pt\/en\/wp-json\/wp\/v2\/comments?post=1228"}],"version-history":[{"count":6,"href":"https:\/\/fnmc.pt\/en\/wp-json\/wp\/v2\/pages\/1228\/revisions"}],"predecessor-version":[{"id":1234,"href":"https:\/\/fnmc.pt\/en\/wp-json\/wp\/v2\/pages\/1228\/revisions\/1234"}],"wp:attachment":[{"href":"https:\/\/fnmc.pt\/en\/wp-json\/wp\/v2\/media?parent=1228"}],"curies":[{"name":"wp","href":"https:\/\/api.w.org\/{rel}","templated":true}]}}