{"id":1847,"date":"2026-03-19T10:29:17","date_gmt":"2026-03-19T10:29:17","guid":{"rendered":"https:\/\/fnmc.pt\/?page_id=1847"},"modified":"2026-03-19T10:45:31","modified_gmt":"2026-03-19T10:45:31","slug":"documentos","status":"publish","type":"page","link":"https:\/\/fnmc.pt\/en\/documentos\/","title":{"rendered":"Documentos"},"content":{"rendered":"<p>[et_pb_section fb_built=&#8221;1&#8243; _builder_version=&#8221;4.27.4&#8243; _module_preset=&#8221;default&#8221; global_colors_info=&#8221;{}&#8221;][et_pb_row _builder_version=&#8221;4.27.4&#8243; _module_preset=&#8221;default&#8221; global_colors_info=&#8221;{}&#8221;][et_pb_column type=&#8221;4_4&#8243; _builder_version=&#8221;4.27.4&#8243; _module_preset=&#8221;default&#8221; global_colors_info=&#8221;{}&#8221;][et_pb_text _builder_version=&#8221;4.27.4&#8243; _module_preset=&#8221;default&#8221; hover_enabled=&#8221;0&#8243; global_colors_info=&#8221;{}&#8221; sticky_enabled=&#8221;0&#8243;]<\/p>\n<h1>Relat\u00f3rios e Documentos<\/h1>\n<hr \/>\n<p>Nesta p\u00e1gina encontram-se dispon\u00edveis os principais documentos institucionais da Federa\u00e7\u00e3o Nacional de Media\u00e7\u00e3o de Conflitos, incluindo relat\u00f3rios de contas, convocat\u00f3rias, pareceres do conselho fiscal e outra documenta\u00e7\u00e3o relevante para acompanhamento da sua atividade.<\/p>\n<p>&nbsp;<\/p>\n<h3>Clique para descarregar<\/h3>\n<ul>\n<li><a href=\"https:\/\/fnmc.pt\/wp-content\/uploads\/Convocatoria-Assembleia-Geral-Ordinaria-2026_signed.pdf\" rel=\"attachment wp-att-1850\">Convocato\u0301ria Assembleia Geral Ordina\u0301ria 2026<\/a><\/li>\n<li><a href=\"https:\/\/fnmc.pt\/wp-content\/uploads\/Plano_Acao_2026.pdf\" rel=\"attachment wp-att-1853\">Plano de A\u00e7\u00e3o 2026<\/a><\/li>\n<li><a href=\"https:\/\/fnmc.pt\/wp-content\/uploads\/Relatorio_Orcamento_2026_signed.pdf\" rel=\"attachment wp-att-1856\">Relat\u00f3rio e Orcamento &#8211; 2026<\/a><\/li>\n<li><a href=\"https:\/\/fnmc.pt\/wp-content\/uploads\/Minuta-procuracao-AG.docx\" rel=\"attachment wp-att-1851\">Minuta Procura\u00e7\u00e3o AG<\/a><\/li>\n<li><a href=\"https:\/\/fnmc.pt\/wp-content\/uploads\/Relatorio_Atividades_2025.pdf\" rel=\"attachment wp-att-1854\">Relat\u00f3rio de Atividades &#8211; 2025<\/a><\/li>\n<li><a href=\"https:\/\/fnmc.pt\/wp-content\/uploads\/Relatorio_Contas_2025_signed.pdf\" rel=\"attachment wp-att-1855\">Relat\u00f3rio de Contas 2025<\/a><\/li>\n<li><a href=\"https:\/\/fnmc.pt\/wp-content\/uploads\/Parecer-do-Conselho-Fiscal-FMC.pdf\" rel=\"attachment wp-att-1852\">Parecer do Conselho Fiscal FMC<\/a><\/li>\n<\/ul>\n<p>[\/et_pb_text][\/et_pb_column][\/et_pb_row][\/et_pb_section]<\/p>\n","protected":false},"excerpt":{"rendered":"<p>Relat\u00f3rios e Documentos Nesta p\u00e1gina encontram-se dispon\u00edveis os principais documentos institucionais da Federa\u00e7\u00e3o Nacional de Media\u00e7\u00e3o de Conflitos, incluindo relat\u00f3rios de contas, convocat\u00f3rias, pareceres do conselho fiscal e outra documenta\u00e7\u00e3o relevante para acompanhamento da sua atividade. &nbsp; Clique para descarregar Convocato\u0301ria Assembleia Geral Ordina\u0301ria 2026 Plano de A\u00e7\u00e3o 2026 Relat\u00f3rio e Orcamento &#8211; 2026 Minuta [&hellip;]<\/p>\n","protected":false},"author":2,"featured_media":0,"parent":0,"menu_order":0,"comment_status":"closed","ping_status":"closed","template":"","meta":{"_acf_changed":false,"_et_pb_use_builder":"on","_et_pb_old_content":"","_et_gb_content_width":"","footnotes":""},"class_list":["post-1847","page","type-page","status-publish","hentry"],"acf":[],"_links":{"self":[{"href":"https:\/\/fnmc.pt\/en\/wp-json\/wp\/v2\/pages\/1847","targetHints":{"allow":["GET"]}}],"collection":[{"href":"https:\/\/fnmc.pt\/en\/wp-json\/wp\/v2\/pages"}],"about":[{"href":"https:\/\/fnmc.pt\/en\/wp-json\/wp\/v2\/types\/page"}],"author":[{"embeddable":true,"href":"https:\/\/fnmc.pt\/en\/wp-json\/wp\/v2\/users\/2"}],"replies":[{"embeddable":true,"href":"https:\/\/fnmc.pt\/en\/wp-json\/wp\/v2\/comments?post=1847"}],"version-history":[{"count":7,"href":"https:\/\/fnmc.pt\/en\/wp-json\/wp\/v2\/pages\/1847\/revisions"}],"predecessor-version":[{"id":1868,"href":"https:\/\/fnmc.pt\/en\/wp-json\/wp\/v2\/pages\/1847\/revisions\/1868"}],"wp:attachment":[{"href":"https:\/\/fnmc.pt\/en\/wp-json\/wp\/v2\/media?parent=1847"}],"curies":[{"name":"wp","href":"https:\/\/api.w.org\/{rel}","templated":true}]}}