{"id":495,"date":"2024-11-11T10:43:03","date_gmt":"2024-11-11T10:43:03","guid":{"rendered":"https:\/\/fnmc.pt\/?page_id=495"},"modified":"2025-09-29T15:50:19","modified_gmt":"2025-09-29T15:50:19","slug":"legislacao","status":"publish","type":"page","link":"https:\/\/fnmc.pt\/en\/legislacao\/","title":{"rendered":"Legisla\u00e7\u00e3o"},"content":{"rendered":"<p>[et_pb_section fb_built=&#8221;1&#8243; _builder_version=&#8221;4.27.2&#8243; _module_preset=&#8221;default&#8221; global_colors_info=&#8221;{}&#8221;][et_pb_row _builder_version=&#8221;4.27.2&#8243; _module_preset=&#8221;default&#8221; custom_padding=&#8221;0px||0px||true|false&#8221; global_colors_info=&#8221;{}&#8221;][et_pb_column type=&#8221;4_4&#8243; _builder_version=&#8221;4.27.2&#8243; _module_preset=&#8221;default&#8221; global_colors_info=&#8221;{}&#8221;][et_pb_post_title meta=&#8221;off&#8221; featured_image=&#8221;off&#8221; _builder_version=&#8221;4.27.2&#8243; _module_preset=&#8221;default&#8221; title_text_color=&#8221;#000000&#8243; title_font_size=&#8221;42px&#8221; locked=&#8221;off&#8221; global_colors_info=&#8221;{}&#8221;][\/et_pb_post_title][et_pb_text _builder_version=&#8221;4.27.2&#8243; _module_preset=&#8221;default&#8221; global_colors_info=&#8221;{}&#8221;]<\/p>\n<p>Portaria de regulamenta\u00e7\u00e3o do Sistema P\u00fablico de Apoio \u00e0 Concilia\u00e7\u00e3o no Sobre-Endividamento (SISPACSE), criado pelo Decreto-Lei n\u00ba 105\/2020, de 23 de Dezembro, a Portaria n\u00ba 86\/2021, de 16 de Abril<\/p>\n<p><a href=\"\/wp-content\/uploads\/portaria_74.pdf\" target=\"_blank\" rel=\"noopener\">Consultar Portaria<\/a><\/p>\n<p>Despacho normativo 13\/2018, que regulamenta os procedimentos de selec\u00e7\u00e3o de mediadores habilitados ao Sistema P\u00fablico de Media\u00e7\u00e3o Familiar (SMF)<\/p>\n<p><a href=\"\/wp-content\/uploads\/despacho.pdf\" target=\"_blank\" rel=\"noopener\">Consultar Despacho<\/a><\/p>\n<p>Portaria n\u00ba 283\/2018, de 19 de Outubro, que regulamenta os procedimentos de selec\u00e7\u00e3o dos mediadores habilitados a prestar servi\u00e7os de media\u00e7\u00e3o nos Julgados de Paz<\/p>\n<p><a href=\"\/wp-content\/uploads\/portaria_5036.pdf\" target=\"_blank\" rel=\"noopener\">Consultar Portaria<\/a><\/p>\n<p>[\/et_pb_text][et_pb_text _builder_version=&#8221;4.27.2&#8243; _module_preset=&#8221;default&#8221; global_colors_info=&#8221;{}&#8221;]<\/p>\n<p>Lei da Media\u00e7\u00e3o, <a href=\"http:\/\/www.pgdlisboa.pt\/leis\/lei_mostra_articulado.php?nid=1907&amp;tabela=leis\" target=\"_blank\" rel=\"noopener\">Lei 29\/2013, de 19.04<\/a>.<br \/>\u200b<br \/><a href=\"http:\/\/www.dre.pt\/pdf1s\/2013\/11\/23000\/0656706569.pdf\" target=\"_blank\" rel=\"noopener\">Portaria n.\u00ba 344\/2013, de 27 de novembro<\/a>, Define o servi\u00e7o competente para organizar a lista de mediadores de conflitos, bem como os requisitos de inscri\u00e7\u00e3o, a forma de acesso e divulga\u00e7\u00e3o da mesma.<br \/>\u200b<br \/><a href=\"http:\/\/www.dre.pt\/pdf1s\/2013\/11\/23000\/0656906572.pdf\" target=\"_blank\" rel=\"noopener\">Portaria n.\u00ba 345\/2013, de 27 de novembro<\/a>, Regula o regime aplic\u00e1vel \u00e0 certifica\u00e7\u00e3o de entidades formadoras de cursos de media\u00e7\u00e3o de conflitos e revoga a Portaria n.\u00ba 237\/2010, de 29 de abril.<br \/>\u200b<br \/>Sistema de Media\u00e7\u00e3o Familiar , <a href=\"http:\/\/www.dgpj.mj.pt\/sections\/leis-da-justica\/pdf-ult\/despacho-18778-2007\/downloadFile\/file\/Desp_18778_2007.pdf?nocache=1187771572.21\" target=\"_blank\" rel=\"noopener\">Despacho n.\u00ba 18778\/2007, de 22 de Agosto<\/a><br \/>\u200b<br \/>Sistema de Media\u00e7\u00e3o Penal, Sistema de Media\u00e7\u00e3o Penal, <a href=\"http:\/\/www.pgdlisboa.pt\/leis\/lei_mostra_articulado.php?nid=1459&amp;tabela=leis&amp;ficha=1&amp;pagina=1\" target=\"_blank\" rel=\"noopener\">Lei n\u00ba 21\/2007, 12\/6<\/a><br \/>\u200b<br \/>Lei dos Julgados de Paz, <a href=\"http:\/\/www.pgdlisboa.pt\/leis\/lei_mostra_articulado.php?nid=724&amp;tabela=leis\" target=\"_blank\" rel=\"noopener\">Lei n\u00ba 78\/2001, 3\/7, alterada pela Lei n\u00ba 54\/2013, 01\/07<\/a><br \/>\u200b<br \/>Art.\u00ba 24.\u00ba, 24.\u00ba-A, 38.\u00ba e 39.\u00ba do Regime Geral do Processo Tutelar C\u00edvel, <a href=\"http:\/\/www.pgdlisboa.pt\/leis\/lei_mostra_articulado.php?nid=2428&amp;tabela=leis&amp;so_miolo=\" target=\"_blank\" rel=\"noopener\">Lei 141\/2015, de 08\/09<\/a>.<br \/>\u200b<br \/>Art.\u00ba 42.\u00ba, 84.\u00ba e 104.\u00ba da <a href=\"http:\/\/www.pgdlisboa.pt\/leis\/lei_mostra_articulado.php?nid=542&amp;tabela=leis\" target=\"_blank\" rel=\"noopener\">Lei Tutelar Educativa<\/a>.<br \/>\u200b<br \/>Art.\u00ba 1774.\u00ba do <a href=\"http:\/\/www.pgdlisboa.pt\/leis\/lei_mostra_estrutura.php?tabela=leis&amp;artigo_id=&amp;nid=775&amp;nversao=&amp;tabela=leis&amp;so_miolo=\" target=\"_blank\" rel=\"noopener\">C\u00f3digo Civil<\/a>.<br \/>\u200b<br \/>Art.\u00ba 273.\u00ba do <a href=\"http:\/\/www.pgdlisboa.pt\/leis\/lei_mostra_articulado.php?nid=1959&amp;tabela=leis\" target=\"_blank\" rel=\"noopener\">C\u00f3digo de Processo Civil<\/a>.<\/p>\n<p>[\/et_pb_text][\/et_pb_column][\/et_pb_row][\/et_pb_section]<\/p>\n","protected":false},"excerpt":{"rendered":"<p>Portaria de regulamenta\u00e7\u00e3o do Sistema P\u00fablico de Apoio \u00e0 Concilia\u00e7\u00e3o no Sobre-Endividamento (SISPACSE), criado pelo Decreto-Lei n\u00ba 105\/2020, de 23 de Dezembro, a Portaria n\u00ba 86\/2021, de 16 de Abril Consultar Portaria Despacho normativo 13\/2018, que regulamenta os procedimentos de selec\u00e7\u00e3o de mediadores habilitados ao Sistema P\u00fablico de Media\u00e7\u00e3o Familiar (SMF) Consultar Despacho Portaria n\u00ba [&hellip;]<\/p>\n","protected":false},"author":2,"featured_media":0,"parent":0,"menu_order":0,"comment_status":"closed","ping_status":"closed","template":"","meta":{"_acf_changed":false,"_et_pb_use_builder":"on","_et_pb_old_content":"","_et_gb_content_width":"","footnotes":""},"class_list":["post-495","page","type-page","status-publish","hentry"],"acf":[],"_links":{"self":[{"href":"https:\/\/fnmc.pt\/en\/wp-json\/wp\/v2\/pages\/495","targetHints":{"allow":["GET"]}}],"collection":[{"href":"https:\/\/fnmc.pt\/en\/wp-json\/wp\/v2\/pages"}],"about":[{"href":"https:\/\/fnmc.pt\/en\/wp-json\/wp\/v2\/types\/page"}],"author":[{"embeddable":true,"href":"https:\/\/fnmc.pt\/en\/wp-json\/wp\/v2\/users\/2"}],"replies":[{"embeddable":true,"href":"https:\/\/fnmc.pt\/en\/wp-json\/wp\/v2\/comments?post=495"}],"version-history":[{"count":5,"href":"https:\/\/fnmc.pt\/en\/wp-json\/wp\/v2\/pages\/495\/revisions"}],"predecessor-version":[{"id":1117,"href":"https:\/\/fnmc.pt\/en\/wp-json\/wp\/v2\/pages\/495\/revisions\/1117"}],"wp:attachment":[{"href":"https:\/\/fnmc.pt\/en\/wp-json\/wp\/v2\/media?parent=495"}],"curies":[{"name":"wp","href":"https:\/\/api.w.org\/{rel}","templated":true}]}}