{"id":535,"date":"2024-11-12T09:43:03","date_gmt":"2024-11-12T09:43:03","guid":{"rendered":"https:\/\/fnmc.pt\/?page_id=535"},"modified":"2025-05-15T13:49:44","modified_gmt":"2025-05-15T13:49:44","slug":"valores-missao-e-compromisso","status":"publish","type":"page","link":"https:\/\/fnmc.pt\/en\/valores-missao-e-compromisso\/","title":{"rendered":"Valores, Miss\u00e3o e Compromisso"},"content":{"rendered":"<p>[et_pb_section fb_built=&#8221;1&#8243; _builder_version=&#8221;4.27.3&#8243; _module_preset=&#8221;default&#8221; locked=&#8221;off&#8221; global_colors_info=&#8221;{}&#8221;][et_pb_row _builder_version=&#8221;4.27.3&#8243; _module_preset=&#8221;default&#8221; custom_padding=&#8221;0px||||false|false&#8221; global_colors_info=&#8221;{}&#8221;][et_pb_column type=&#8221;4_4&#8243; _builder_version=&#8221;4.27.2&#8243; _module_preset=&#8221;default&#8221; global_colors_info=&#8221;{}&#8221;][et_pb_post_title meta=&#8221;off&#8221; featured_image=&#8221;off&#8221; _builder_version=&#8221;4.27.2&#8243; _module_preset=&#8221;default&#8221; title_text_color=&#8221;#000000&#8243; title_font_size=&#8221;42px&#8221; locked=&#8221;off&#8221; global_colors_info=&#8221;{}&#8221;][\/et_pb_post_title][et_pb_text _builder_version=&#8221;4.27.3&#8243; _module_preset=&#8221;default&#8221; header_2_line_height=&#8221;2em&#8221; header_3_line_height=&#8221;2em&#8221; global_colors_info=&#8221;{}&#8221;]<\/p>\n<p>A Federa\u00e7\u00e3o Nacional de Media\u00e7\u00e3o de Conflitos (FMC) \u00e9 uma entidade sem fins lucrativos que, desde 2012, se dedica \u00e0 promo\u00e7\u00e3o, desenvolvimento e valoriza\u00e7\u00e3o da media\u00e7\u00e3o de conflitos em Portugal.<\/p>\n<p>Atuando como plataforma agregadora de mediadores e institui\u00e7\u00f5es, a FMC pretende, no fortalecimento de media\u00e7\u00e3o, afirm\u00e1-la como um instrumento fundamental para a constru\u00e7\u00e3o de uma cultura de paz, di\u00e1logo e corresponsabiliza\u00e7\u00e3o.<\/p>\n<p>A FMC assume o compromisso de trabalhar para garantir a qualidade da media\u00e7\u00e3o, promovendo as melhores pr\u00e1ticas, a observ\u00e2ncia dos princ\u00edpios fundamentais da media\u00e7\u00e3o, o respeito pela \u00e9tica profissional e a forma\u00e7\u00e3o cont\u00ednua dos mediadores.<\/p>\n<p>A FMC assume o compromisso de representar os mediadores, trabalhando com eles para a valoriza\u00e7\u00e3o da media\u00e7\u00e3o e dando-lhes voz na express\u00e3o das suas necessidades e na apresenta\u00e7\u00e3o dos seus contributos para a constru\u00e7\u00e3o desta nova cultura.<\/p>\n<p>Porque acredita que o fortalecimento da media\u00e7\u00e3o s\u00f3 acontece com os mediadores a FMC convida \u00e0 sua participa\u00e7\u00e3o ativa nas atividades da FMC, divulga as atividades dos seus associados e pretende criar com eles um espa\u00e7o de reflex\u00e3o sobre a media\u00e7\u00e3o.<\/p>\n<p>A FMC procura integrar na sua atua\u00e7\u00e3o os valores pelos quais se orienta: di\u00e1logo, clareza, responsabilidade, inclus\u00e3o e diversidade cultural, respeito, empatia, coopera\u00e7\u00e3o, cuidado com o outro, \u00c9tica Transpar\u00eancia, Inova\u00e7\u00e3o e adapta\u00e7\u00e3o, Pesquisa e\u00a0desenvolvimento<\/p>\n<p>[\/et_pb_text][\/et_pb_column][\/et_pb_row][\/et_pb_section]<\/p>\n","protected":false},"excerpt":{"rendered":"<p>A Federa\u00e7\u00e3o Nacional de Media\u00e7\u00e3o de Conflitos (FMC) \u00e9 uma entidade sem fins lucrativos que, desde 2012, se dedica \u00e0 promo\u00e7\u00e3o, desenvolvimento e valoriza\u00e7\u00e3o da media\u00e7\u00e3o de conflitos em Portugal. Atuando como plataforma agregadora de mediadores e institui\u00e7\u00f5es, a FMC pretende, no fortalecimento de media\u00e7\u00e3o, afirm\u00e1-la como um instrumento fundamental para a constru\u00e7\u00e3o de uma [&hellip;]<\/p>\n","protected":false},"author":2,"featured_media":0,"parent":0,"menu_order":0,"comment_status":"closed","ping_status":"closed","template":"","meta":{"_acf_changed":false,"_et_pb_use_builder":"on","_et_pb_old_content":"","_et_gb_content_width":"","footnotes":""},"class_list":["post-535","page","type-page","status-publish","hentry"],"acf":[],"_links":{"self":[{"href":"https:\/\/fnmc.pt\/en\/wp-json\/wp\/v2\/pages\/535","targetHints":{"allow":["GET"]}}],"collection":[{"href":"https:\/\/fnmc.pt\/en\/wp-json\/wp\/v2\/pages"}],"about":[{"href":"https:\/\/fnmc.pt\/en\/wp-json\/wp\/v2\/types\/page"}],"author":[{"embeddable":true,"href":"https:\/\/fnmc.pt\/en\/wp-json\/wp\/v2\/users\/2"}],"replies":[{"embeddable":true,"href":"https:\/\/fnmc.pt\/en\/wp-json\/wp\/v2\/comments?post=535"}],"version-history":[{"count":5,"href":"https:\/\/fnmc.pt\/en\/wp-json\/wp\/v2\/pages\/535\/revisions"}],"predecessor-version":[{"id":735,"href":"https:\/\/fnmc.pt\/en\/wp-json\/wp\/v2\/pages\/535\/revisions\/735"}],"wp:attachment":[{"href":"https:\/\/fnmc.pt\/en\/wp-json\/wp\/v2\/media?parent=535"}],"curies":[{"name":"wp","href":"https:\/\/api.w.org\/{rel}","templated":true}]}}