{"id":750,"date":"2025-05-30T11:20:02","date_gmt":"2025-05-30T11:20:02","guid":{"rendered":"https:\/\/fnmc.pt\/?page_id=750"},"modified":"2025-05-30T11:35:45","modified_gmt":"2025-05-30T11:35:45","slug":"inscricao","status":"publish","type":"page","link":"https:\/\/fnmc.pt\/en\/inscricao\/","title":{"rendered":"Inscri\u00e7\u00e3o"},"content":{"rendered":"<p>[et_pb_section fb_built=&#8221;1&#8243; _builder_version=&#8221;4.27.4&#8243; _module_preset=&#8221;default&#8221; global_colors_info=&#8221;{}&#8221;][et_pb_row column_structure=&#8221;1_3,1_3,1_3&#8243; use_custom_gutter=&#8221;on&#8221; gutter_width=&#8221;2&#8243; _builder_version=&#8221;4.16&#8243; _module_preset=&#8221;default&#8221; locked=&#8221;off&#8221; global_colors_info=&#8221;{}&#8221;][et_pb_column type=&#8221;1_3&#8243; _builder_version=&#8221;4.16&#8243; _module_preset=&#8221;default&#8221; global_colors_info=&#8221;{}&#8221;][et_pb_text _builder_version=&#8221;4.27.4&#8243; _module_preset=&#8221;003e9429-8e11-4d9e-968b-8881092bbf81&#8243; header_2_font=&#8221;Outfit|600|||||||&#8221; header_2_text_color=&#8221;#000000&#8243; header_2_font_size=&#8221;48px&#8221; header_2_line_height=&#8221;1.1em&#8221; custom_margin=&#8221;||0px||false|false&#8221; hover_enabled=&#8221;0&#8243; header_2_font_size_tablet=&#8221;32px&#8221; header_2_font_size_phone=&#8221;20px&#8221; header_2_font_size_last_edited=&#8221;on|desktop&#8221; header_2_line_height_tablet=&#8221;1.2em&#8221; header_2_line_height_phone=&#8221;&#8221; header_2_line_height_last_edited=&#8221;on|phone&#8221; locked=&#8221;off&#8221; global_colors_info=&#8221;{}&#8221; sticky_enabled=&#8221;0&#8243;]<\/p>\n<h2>Inscri\u00e7\u00e3o<\/h2>\n<p>[\/et_pb_text][et_pb_divider color=&#8221;rgba(122,19,22,0.24)&#8221; divider_weight=&#8221;5px&#8221; _builder_version=&#8221;4.27.3&#8243; _module_preset=&#8221;ce0e852d-65f7-4b50-97d9-c94701b6b484&#8243; max_width=&#8221;350px&#8221; height=&#8221;5px&#8221; custom_margin=&#8221;-24px||30px||false|false&#8221; custom_margin_tablet=&#8221;-22px||||false|false&#8221; custom_margin_phone=&#8221;-18px||||false|false&#8221; custom_margin_last_edited=&#8221;on|phone&#8221; locked=&#8221;off&#8221; global_colors_info=&#8221;{}&#8221;][\/et_pb_divider][et_pb_text _builder_version=&#8221;4.27.4&#8243; _module_preset=&#8221;22d0da71-6393-430b-a0cd-b77dd565e85c&#8221; text_line_height=&#8221;1.8em&#8221; hover_enabled=&#8221;0&#8243; text_font_size_tablet=&#8221;15px&#8221; text_font_size_phone=&#8221;14px&#8221; text_font_size_last_edited=&#8221;on|phone&#8221; header_font_size_tablet=&#8221;55px&#8221; header_font_size_last_edited=&#8221;off|desktop&#8221; locked=&#8221;off&#8221; global_colors_info=&#8221;{}&#8221; sticky_enabled=&#8221;0&#8243;]<\/p>\n<p>Escolha o tipo de inscri\u00e7\u00e3o mais adequado: inscri\u00e7\u00e3o singular para pessoas individuais ou inscri\u00e7\u00e3o coletiva para entidades e organiza\u00e7\u00f5es.<\/p>\n<p>[\/et_pb_text][\/et_pb_column][et_pb_column type=&#8221;1_3&#8243; _builder_version=&#8221;4.16&#8243; _module_preset=&#8221;default&#8221; global_colors_info=&#8221;{}&#8221;][et_pb_blurb title=&#8221;Associado Singular&#8221; use_icon=&#8221;on&#8221; font_icon=&#8221;&#xf007;||fa||900&#8243; icon_color=&#8221;#7A1316&#8243; image_icon_width=&#8221;32px&#8221; icon_alignment=&#8221;left&#8221; _builder_version=&#8221;4.27.4&#8243; _module_preset=&#8221;4b92905e-9236-4a4d-b1eb-2bf004827169&#8243; header_font=&#8221;Outfit|700|||||||&#8221; header_text_color=&#8221;#000000&#8243; header_line_height=&#8221;1.1em&#8221; body_font_size=&#8221;12px&#8221; body_line_height=&#8221;1.8em&#8221; background_color=&#8221;#FFFFFF&#8221; custom_padding=&#8221;40px|40px|40px|40px|true|true&#8221; custom_padding_tablet=&#8221;30px|30px|30px|30px|true|true&#8221; custom_padding_phone=&#8221;20px|20px|20px|20px|true|true&#8221; custom_padding_last_edited=&#8221;on|phone&#8221; animation=&#8221;off&#8221; link_option_url=&#8221;\/registo-associado-singular\/&#8221; hover_enabled=&#8221;0&#8243; box_shadow_style=&#8221;preset3&#8243; box_shadow_vertical=&#8221;30px&#8221; box_shadow_blur=&#8221;60px&#8221; box_shadow_spread=&#8221;0px&#8221; box_shadow_color=&#8221;rgba(53,66,85,0.1)&#8221; locked=&#8221;off&#8221; global_colors_info=&#8221;{}&#8221; icon_color__hover=&#8221;#7A1316&#8243; icon_color__hover_enabled=&#8221;on|hover&#8221; header_text_color__hover=&#8221;#000000&#8243; header_text_color__hover_enabled=&#8221;on|hover&#8221; background_color__hover=&#8221;#FFFDED&#8221; background__hover_enabled=&#8221;on|hover&#8221; body_text_color__hover=&#8221;#000000&#8243; body_text_color__hover_enabled=&#8221;on|hover&#8221; background_enable_color__hover=&#8221;on&#8221; sticky_enabled=&#8221;0&#8243;][\/et_pb_blurb][\/et_pb_column][et_pb_column type=&#8221;1_3&#8243; _builder_version=&#8221;4.16&#8243; _module_preset=&#8221;default&#8221; global_colors_info=&#8221;{}&#8221;][et_pb_blurb title=&#8221;Associado Coletivo&#8221; use_icon=&#8221;on&#8221; font_icon=&#8221;&#xf0c0;||fa||900&#8243; icon_color=&#8221;#7A1316&#8243; image_icon_width=&#8221;32px&#8221; icon_alignment=&#8221;left&#8221; _builder_version=&#8221;4.27.4&#8243; _module_preset=&#8221;4b92905e-9236-4a4d-b1eb-2bf004827169&#8243; header_font=&#8221;Outfit|700|||||||&#8221; header_text_color=&#8221;#000000&#8243; header_line_height=&#8221;1.1em&#8221; body_font_size=&#8221;12px&#8221; body_line_height=&#8221;1.8em&#8221; background_color=&#8221;#FFFFFF&#8221; custom_padding=&#8221;40px|40px|40px|40px|true|true&#8221; custom_padding_tablet=&#8221;30px|30px|30px|30px|true|true&#8221; custom_padding_phone=&#8221;20px|20px|20px|20px|true|true&#8221; custom_padding_last_edited=&#8221;on|phone&#8221; animation=&#8221;off&#8221; link_option_url=&#8221;\/registo-associado-coletivo\/&#8221; hover_enabled=&#8221;0&#8243; box_shadow_style=&#8221;preset3&#8243; box_shadow_vertical=&#8221;30px&#8221; box_shadow_blur=&#8221;60px&#8221; box_shadow_spread=&#8221;0px&#8221; box_shadow_color=&#8221;rgba(53,66,85,0.1)&#8221; locked=&#8221;off&#8221; global_colors_info=&#8221;{}&#8221; icon_color__hover=&#8221;#7A1316&#8243; icon_color__hover_enabled=&#8221;on|hover&#8221; header_text_color__hover=&#8221;#000000&#8243; header_text_color__hover_enabled=&#8221;on|hover&#8221; background_color__hover=&#8221;#FFFDED&#8221; background__hover_enabled=&#8221;on|hover&#8221; body_text_color__hover=&#8221;#000000&#8243; body_text_color__hover_enabled=&#8221;on|hover&#8221; background_enable_color__hover=&#8221;on&#8221; sticky_enabled=&#8221;0&#8243;][\/et_pb_blurb][\/et_pb_column][\/et_pb_row][\/et_pb_section]<\/p>\n","protected":false},"excerpt":{"rendered":"<p>Inscri\u00e7\u00e3oEscolha o tipo de inscri\u00e7\u00e3o mais adequado: inscri\u00e7\u00e3o singular para pessoas individuais ou inscri\u00e7\u00e3o coletiva para entidades e organiza\u00e7\u00f5es.<\/p>","protected":false},"author":2,"featured_media":0,"parent":0,"menu_order":0,"comment_status":"closed","ping_status":"closed","template":"","meta":{"_acf_changed":false,"_et_pb_use_builder":"on","_et_pb_old_content":"","_et_gb_content_width":"","footnotes":""},"class_list":["post-750","page","type-page","status-publish","hentry"],"acf":[],"_links":{"self":[{"href":"https:\/\/fnmc.pt\/en\/wp-json\/wp\/v2\/pages\/750","targetHints":{"allow":["GET"]}}],"collection":[{"href":"https:\/\/fnmc.pt\/en\/wp-json\/wp\/v2\/pages"}],"about":[{"href":"https:\/\/fnmc.pt\/en\/wp-json\/wp\/v2\/types\/page"}],"author":[{"embeddable":true,"href":"https:\/\/fnmc.pt\/en\/wp-json\/wp\/v2\/users\/2"}],"replies":[{"embeddable":true,"href":"https:\/\/fnmc.pt\/en\/wp-json\/wp\/v2\/comments?post=750"}],"version-history":[{"count":6,"href":"https:\/\/fnmc.pt\/en\/wp-json\/wp\/v2\/pages\/750\/revisions"}],"predecessor-version":[{"id":767,"href":"https:\/\/fnmc.pt\/en\/wp-json\/wp\/v2\/pages\/750\/revisions\/767"}],"wp:attachment":[{"href":"https:\/\/fnmc.pt\/en\/wp-json\/wp\/v2\/media?parent=750"}],"curies":[{"name":"wp","href":"https:\/\/api.w.org\/{rel}","templated":true}]}}