{"id":910,"date":"2025-09-08T13:13:40","date_gmt":"2025-09-08T13:13:40","guid":{"rendered":"https:\/\/fnmc.pt\/?page_id=910"},"modified":"2025-09-08T13:18:09","modified_gmt":"2025-09-08T13:18:09","slug":"confirmacao-cartao-de-credito","status":"publish","type":"page","link":"https:\/\/fnmc.pt\/en\/confirmacao-cartao-de-credito\/","title":{"rendered":"Confirma\u00e7\u00e3o Cart\u00e3o de cr\u00e9dito"},"content":{"rendered":"<p>[et_pb_section fb_built=&#8221;1&#8243; _builder_version=&#8221;4.16&#8243; global_colors_info=&#8221;{}&#8221;][et_pb_row _builder_version=&#8221;4.16&#8243; background_size=&#8221;initial&#8221; background_position=&#8221;top_left&#8221; background_repeat=&#8221;repeat&#8221; global_colors_info=&#8221;{}&#8221;][et_pb_column type=&#8221;4_4&#8243; _builder_version=&#8221;4.16&#8243; custom_padding=&#8221;|||&#8221; global_colors_info=&#8221;{}&#8221; custom_padding__hover=&#8221;|||&#8221;][et_pb_text _builder_version=&#8221;4.27.4&#8243; background_size=&#8221;initial&#8221; background_position=&#8221;top_left&#8221; background_repeat=&#8221;repeat&#8221; hover_enabled=&#8221;0&#8243; global_colors_info=&#8221;{}&#8221; sticky_enabled=&#8221;0&#8243; text_font_size=&#8221;16px&#8221; text_orientation=&#8221;center&#8221;]<p style=\"text-align:center\">Erro ao gerar pedido Cart\u00e3o de Cr\u00e9dito.<\/p>[\/et_pb_text][\/et_pb_column][\/et_pb_row][\/et_pb_section]<\/p>\n","protected":false},"excerpt":{"rendered":"<p style=\"text-align:center\">Erro ao gerar pedido Cart\u00e3o de Cr\u00e9dito.<\/p>","protected":false},"author":2,"featured_media":0,"parent":0,"menu_order":0,"comment_status":"closed","ping_status":"closed","template":"","meta":{"_acf_changed":false,"_et_pb_use_builder":"on","_et_pb_old_content":"[gerar_cc]","_et_gb_content_width":"","footnotes":""},"class_list":["post-910","page","type-page","status-publish","hentry"],"acf":[],"_links":{"self":[{"href":"https:\/\/fnmc.pt\/en\/wp-json\/wp\/v2\/pages\/910","targetHints":{"allow":["GET"]}}],"collection":[{"href":"https:\/\/fnmc.pt\/en\/wp-json\/wp\/v2\/pages"}],"about":[{"href":"https:\/\/fnmc.pt\/en\/wp-json\/wp\/v2\/types\/page"}],"author":[{"embeddable":true,"href":"https:\/\/fnmc.pt\/en\/wp-json\/wp\/v2\/users\/2"}],"replies":[{"embeddable":true,"href":"https:\/\/fnmc.pt\/en\/wp-json\/wp\/v2\/comments?post=910"}],"version-history":[{"count":3,"href":"https:\/\/fnmc.pt\/en\/wp-json\/wp\/v2\/pages\/910\/revisions"}],"predecessor-version":[{"id":920,"href":"https:\/\/fnmc.pt\/en\/wp-json\/wp\/v2\/pages\/910\/revisions\/920"}],"wp:attachment":[{"href":"https:\/\/fnmc.pt\/en\/wp-json\/wp\/v2\/media?parent=910"}],"curies":[{"name":"wp","href":"https:\/\/api.w.org\/{rel}","templated":true}]}}